{"id":19,"date":"2025-09-02T20:27:34","date_gmt":"2025-09-02T20:27:34","guid":{"rendered":"https:\/\/infrabuild.se\/?page_id=19"},"modified":"2025-09-09T08:23:06","modified_gmt":"2025-09-09T08:23:06","slug":"home","status":"publish","type":"page","link":"https:\/\/infrabuild.se\/","title":{"rendered":"Home"},"content":{"rendered":"<p>[et_pb_section fb_built=&#8221;1&#8243; admin_label=&#8221;Hero&#8221; _builder_version=&#8221;4.27.4&#8243; _module_preset=&#8221;_module_preset=&#8221; background_color_gradient_direction=&#8221;-90deg&#8221; background_image=&#8221;https:\/\/infrabuild.se\/wp-content\/uploads\/2025\/09\/ror.png&#8221; custom_padding=&#8221;8vw||8vw||true|false&#8221; locked=&#8221;off&#8221; collapsed=&#8221;on&#8221; global_colors_info=&#8221;{}&#8221;][et_pb_row column_structure=&#8221;2_3,1_3&#8243; _builder_version=&#8221;4.27.4&#8243; _module_preset=&#8221;5138c454-be54-4233-bd3b-f8e6a8747976&#8243; width=&#8221;88%&#8221; max_width=&#8221;1190px&#8221; locked=&#8221;off&#8221; global_colors_info=&#8221;{}&#8221;][et_pb_column type=&#8221;2_3&#8243; _builder_version=&#8221;4.16&#8243; _module_preset=&#8221;73121f80-a3ef-4484-8763-c3f18e3c56d2&#8243; global_colors_info=&#8221;{}&#8221;][et_pb_heading title=&#8221;investerar i morgondagens tillv\u00e4xtbolag inom infrastruktur&#8221; _builder_version=&#8221;4.27.4&#8243; _module_preset=&#8221;f0c675ea-2574-4d0e-b725-30f8550a8550&#8243; title_text_align=&#8221;center&#8221; title_text_color=&#8221;#000000&#8243; hover_enabled=&#8221;0&#8243; locked=&#8221;off&#8221; global_colors_info=&#8221;{}&#8221; sticky_enabled=&#8221;0&#8243; module_alignment=&#8221;right&#8221;][\/et_pb_heading][et_pb_heading title=&#8221;INFRABUILD \u00c4R DEDIKERADE TILL ATT ST\u00d6DJA OCH UTVECKLA F\u00d6RETAG F\u00d6R L\u00c5NGSIKTIG FRAMG\u00c5NG&#8221; _builder_version=&#8221;4.27.4&#8243; _module_preset=&#8221;ddeb8c09-9078-4424-bc15-2efb6572e28e&#8221; title_font=&#8221;&#8211;et_global_heading_font|800|||||||&#8221; title_text_align=&#8221;center&#8221; title_text_color=&#8221;#0C71C3&#8243; title_font_size=&#8221;51px&#8221; title_letter_spacing=&#8221;1px&#8221; title_line_height=&#8221;1.1em&#8221; width=&#8221;100%&#8221; hover_enabled=&#8221;0&#8243; locked=&#8221;off&#8221; global_colors_info=&#8221;{}&#8221; sticky_enabled=&#8221;0&#8243;][\/et_pb_heading][et_pb_text _builder_version=&#8221;4.27.4&#8243; _module_preset=&#8221;0504de1e-f5ff-4281-ba60-cbbe4edf98bc&#8221; text_font=&#8221;&#8211;et_global_body_font|800|||||||&#8221; text_text_color=&#8221;#0C71C3&#8243; header_text_align=&#8221;center&#8221; header_text_color=&#8221;#000000&#8243; custom_padding=&#8221;6px|||||&#8221; hover_enabled=&#8221;0&#8243; locked=&#8221;off&#8221; global_colors_info=&#8221;{%22gcid-primary-color%22:%91%22link_text_color%22%93,%22gcid-heading-color%22:%91%22header_4_text_color%22,%22header_3_text_color%22,%22header_2_text_color%22,%22header_5_text_color%22,%22header_6_text_color%22%93,%22gcid-secondary-color%22:%91%22quote_border_color%22%93}&#8221; sticky_enabled=&#8221;0&#8243; module_alignment=&#8221;right&#8221;]<\/p>\n<p style=\"text-align: justify;\"><strong>P\u00e5 Infrabuild \u00e4r vi dedikerade till att v\u00e5rda potentialen hos specialist bolag inom infrastruktur, samt driva innovation och tillv\u00e4xt genom strategisk del\u00e4garskap. V\u00e5r passion f\u00f6r l\u00e5ngsiktiga investeringar, del\u00e4garskap och meningsfulla relationer g\u00f6r oss till den perfekta partnern.\u00a0<\/strong><\/p>\n<p>[\/et_pb_text][\/et_pb_column][et_pb_column type=&#8221;1_3&#8243; _builder_version=&#8221;4.16&#8243; _module_preset=&#8221;73121f80-a3ef-4484-8763-c3f18e3c56d2&#8243; global_colors_info=&#8221;{}&#8221;][\/et_pb_column][\/et_pb_row][et_pb_row column_structure=&#8221;2_3,1_3&#8243; _builder_version=&#8221;4.18.0&#8243; _module_preset=&#8221;5138c454-be54-4233-bd3b-f8e6a8747976&#8243; locked=&#8221;off&#8221; global_colors_info=&#8221;{}&#8221;][et_pb_column type=&#8221;2_3&#8243; _builder_version=&#8221;4.16&#8243; _module_preset=&#8221;73121f80-a3ef-4484-8763-c3f18e3c56d2&#8243; global_colors_info=&#8221;{}&#8221;][et_pb_image src=&#8221;https:\/\/infrabuild.se\/wp-content\/uploads\/2025\/09\/Familjen-Rooth-Alvsjo-4.png&#8221; title_text=&#8221;Familjen Rooth (A\u0308lvsjo\u0308) (4)&#8221; align=&#8221;center&#8221; _builder_version=&#8221;4.27.4&#8243; _module_preset=&#8221;default&#8221; hover_enabled=&#8221;0&#8243; global_colors_info=&#8221;{}&#8221; box_shadow_style=&#8221;preset1&#8243; box_shadow_horizontal=&#8221;-16px&#8221; box_shadow_color=&#8221;#FFFFFF&#8221; animation_style=&#8221;zoom&#8221; animation_direction=&#8221;left&#8221; animation_duration=&#8221;1300ms&#8221; sticky_enabled=&#8221;0&#8243;][\/et_pb_image][\/et_pb_column][et_pb_column type=&#8221;1_3&#8243; _builder_version=&#8221;4.16&#8243; _module_preset=&#8221;73121f80-a3ef-4484-8763-c3f18e3c56d2&#8243; global_colors_info=&#8221;{}&#8221;][\/et_pb_column][\/et_pb_row][\/et_pb_section][et_pb_section fb_built=&#8221;1&#8243; admin_label=&#8221;About&#8221; _builder_version=&#8221;4.25.1&#8243; _module_preset=&#8221;default&#8221; locked=&#8221;off&#8221; collapsed=&#8221;on&#8221; global_colors_info=&#8221;{}&#8221;][et_pb_row _builder_version=&#8221;4.25.1&#8243; _module_preset=&#8221;default&#8221; global_colors_info=&#8221;{}&#8221;][et_pb_column type=&#8221;4_4&#8243; _builder_version=&#8221;4.25.1&#8243; _module_preset=&#8221;default&#8221; global_colors_info=&#8221;{}&#8221;][et_pb_heading title=&#8221;V\u00e5rt uppdrag p\u00e5 Infrabuild&#8221; _builder_version=&#8221;4.27.4&#8243; _module_preset=&#8221;c33f07d9-41e0-421a-8799-5799df695cce&#8221; title_text_align=&#8221;center&#8221; global_colors_info=&#8221;{}&#8221;][\/et_pb_heading][\/et_pb_column][\/et_pb_row][et_pb_row column_structure=&#8221;1_2,1_2&#8243; _builder_version=&#8221;4.25.1&#8243; _module_preset=&#8221;default&#8221; global_colors_info=&#8221;{}&#8221;][et_pb_column type=&#8221;1_2&#8243; _builder_version=&#8221;4.25.1&#8243; _module_preset=&#8221;default&#8221; global_colors_info=&#8221;{}&#8221;][et_pb_text _builder_version=&#8221;4.25.1&#8243; _module_preset=&#8221;2c55a9c4-feed-423b-9edb-ae0b5b365cac&#8221; global_colors_info=&#8221;{}&#8221;]<\/p>\n<p>Infrabuild \u00e4r engagerade i att vara en aktiv investerare med fokus p\u00e5 att fr\u00e4mja tillv\u00e4xten hos sm\u00e5 och medelstora \u00e4garleda f\u00f6retag. V\u00e5rt uppdrag \u00e4r att tillhandah\u00e5lla de resurser, den expertis och det st\u00f6d som kr\u00e4vs f\u00f6r att hj\u00e4lpa dessa f\u00f6retag att blomstra. Vi tror p\u00e5 kraften i l\u00e5ngsiktiga investeringar och \u00e4r engagerade i att bygga h\u00e5llbara relationer f\u00f6r de f\u00f6retag vi samarbetar med. Genom att prioritera meningsfulla relationer och ett samarbetsperspektiv str\u00e4var vi efter att vara den b\u00e4sta m\u00f6jliga \u00e4garen f\u00f6r de f\u00f6retag vi investerar i.<\/p>\n<p>[\/et_pb_text][\/et_pb_column][et_pb_column type=&#8221;1_2&#8243; _builder_version=&#8221;4.25.1&#8243; _module_preset=&#8221;default&#8221; global_colors_info=&#8221;{}&#8221;][et_pb_image src=&#8221;https:\/\/infrabuild.se\/wp-content\/uploads\/2025\/09\/skrapa.png&#8221; title_text=&#8221;skrapa&#8221; _builder_version=&#8221;4.27.4&#8243; _module_preset=&#8221;default&#8221; global_colors_info=&#8221;{}&#8221;][\/et_pb_image][\/et_pb_column][\/et_pb_row][\/et_pb_section][et_pb_section fb_built=&#8221;1&#8243; admin_label=&#8221;Text&#8221; _builder_version=&#8221;4.18.0&#8243; _module_preset=&#8221;default&#8221; locked=&#8221;off&#8221; collapsed=&#8221;on&#8221; global_colors_info=&#8221;{}&#8221;][et_pb_row column_structure=&#8221;3_5,2_5&#8243; custom_padding_last_edited=&#8221;on|desktop&#8221; _builder_version=&#8221;4.24.3&#8243; _module_preset=&#8221;5138c454-be54-4233-bd3b-f8e6a8747976&#8243; custom_padding=&#8221;60px|60px|60px|60px|true|true&#8221; custom_padding_tablet=&#8221;30px|30px|30px|30px|true|true&#8221; custom_padding_phone=&#8221;20px|20px|20px|20px|true|true&#8221; border_radii=&#8221;on|6px|6px|6px|6px&#8221; border_width_all=&#8221;2px&#8221; border_color_all=&#8221;gcid-828accbb-1ed2-407d-95be-20ab4e191566&#8243; global_colors_info=&#8221;{%22gcid-36fd78a7-34bc-404d-873c-dafa34efaae5%22:%91%22icon_color%22,%22icon_color%22,%22icon_color%22,%22color%22%93,%22gcid-7cadd8b3-5228-48e4-90c4-212d09232f7b%22:%91%22header_text_color%22,%22color%22%93,%22gcid-9a15b43a-75da-4015-a522-d0ef1179ded7%22:%91%22body_text_color%22%93,%22gcid-828accbb-1ed2-407d-95be-20ab4e191566%22:%91%22border_color_all%22%93}&#8221;][et_pb_column type=&#8221;3_5&#8243; _builder_version=&#8221;4.18.0&#8243; _module_preset=&#8221;73121f80-a3ef-4484-8763-c3f18e3c56d2&#8243; global_colors_info=&#8221;{}&#8221;][et_pb_heading title=&#8221;V\u00e5rt engagemang f\u00f6r l\u00e5ngsiktig tillv\u00e4xt&#8221; _builder_version=&#8221;4.24.2&#8243; _module_preset=&#8221;c33f07d9-41e0-421a-8799-5799df695cce&#8221; global_colors_info=&#8221;{}&#8221;][\/et_pb_heading][et_pb_text _builder_version=&#8221;4.24.3&#8243; _module_preset=&#8221;2c55a9c4-feed-423b-9edb-ae0b5b365cac&#8221; custom_padding=&#8221;2px||10px|||&#8221; locked=&#8221;off&#8221; global_colors_info=&#8221;{}&#8221;]<\/p>\n<p>P\u00e5 Infrabuild f\u00f6rst\u00e5r vi att sann framg\u00e5ng kommer fr\u00e5n att v\u00e5rda l\u00e5ngsiktiga \u00e4gar &amp; partnerskap. V\u00e5rt engagemang f\u00f6r h\u00e5llbar tillv\u00e4xt \u00e4r orubbligt, eftersom vi arbetar n\u00e4ra varje f\u00f6retag f\u00f6r att s\u00e4kerst\u00e4lla deras fortsatta framg\u00e5ng. Vi tror att genom att investera i de m\u00e4nniskor och id\u00e9er som driver dessa verksamheter kan vi skapa best\u00e5ende v\u00e4rde och innovation.<\/p>\n<p>[\/et_pb_text][\/et_pb_column][et_pb_column type=&#8221;2_5&#8243; _builder_version=&#8221;4.18.0&#8243; _module_preset=&#8221;73121f80-a3ef-4484-8763-c3f18e3c56d2&#8243; global_colors_info=&#8221;{}&#8221;][et_pb_text _builder_version=&#8221;4.24.3&#8243; _module_preset=&#8221;2c55a9c4-feed-423b-9edb-ae0b5b365cac&#8221; custom_padding=&#8221;16px||0px|||&#8221; locked=&#8221;off&#8221; global_colors_info=&#8221;{}&#8221;]<\/p>\n<p>&nbsp;<\/p>\n<p>Att fr\u00e4mja meningsfulla relationer \u00e4r k\u00e4rnan i allt vi g\u00f6r. Vi engagerar oss djupt med v\u00e5ra partners och erbjuder v\u00e4gledning och st\u00f6d samtidigt som vi respekterar deras autonomi. V\u00e5rt m\u00e5l \u00e4r att skapa en samarbetsmilj\u00f6 d\u00e4r id\u00e9er kan blomstra och synergier kan f\u00f6rverkligas, vilket i slut\u00e4ndan leder till gemensam framg\u00e5ng och v\u00e4lst\u00e5nd.<\/p>\n<p>[\/et_pb_text][\/et_pb_column][\/et_pb_row][\/et_pb_section][et_pb_section fb_built=&#8221;1&#8243; admin_label=&#8221;Text&#8221; _builder_version=&#8221;4.24.3&#8243; _module_preset=&#8221;default&#8221; background_color=&#8221;#000000&#8243; locked=&#8221;off&#8221; collapsed=&#8221;on&#8221; global_colors_info=&#8221;{}&#8221;][et_pb_row column_structure=&#8221;1_2,1_2&#8243; _builder_version=&#8221;4.23.1&#8243; _module_preset=&#8221;5138c454-be54-4233-bd3b-f8e6a8747976&#8243; custom_padding=&#8221;||0px|||&#8221; global_colors_info=&#8221;{}&#8221;][et_pb_column type=&#8221;1_2&#8243; _builder_version=&#8221;4.16.1&#8243; _module_preset=&#8221;73121f80-a3ef-4484-8763-c3f18e3c56d2&#8243; global_colors_info=&#8221;{}&#8221;][et_pb_heading title=&#8221;Decentraliserat ansvar&#8221; _builder_version=&#8221;4.27.4&#8243; _module_preset=&#8221;f0c675ea-2574-4d0e-b725-30f8550a8550&#8243; title_text_color=&#8221;gcid-secondary-color&#8221; locked=&#8221;off&#8221; global_colors_info=&#8221;{%22gcid-secondary-color%22:%91%22title_text_color%22%93}&#8221;][\/et_pb_heading][\/et_pb_column][et_pb_column type=&#8221;1_2&#8243; _builder_version=&#8221;4.16.1&#8243; _module_preset=&#8221;73121f80-a3ef-4484-8763-c3f18e3c56d2&#8243; global_colors_info=&#8221;{}&#8221;][\/et_pb_column][\/et_pb_row][et_pb_row column_structure=&#8221;1_2,1_2&#8243; _builder_version=&#8221;4.23.1&#8243; _module_preset=&#8221;5138c454-be54-4233-bd3b-f8e6a8747976&#8243; custom_padding=&#8221;0px|||||&#8221; global_colors_info=&#8221;{}&#8221;][et_pb_column type=&#8221;1_2&#8243; _builder_version=&#8221;4.16.1&#8243; _module_preset=&#8221;73121f80-a3ef-4484-8763-c3f18e3c56d2&#8243; global_colors_info=&#8221;{}&#8221;][et_pb_heading title=&#8221;K\u00c4RNV\u00c4RDEN&#8221; _builder_version=&#8221;4.27.4&#8243; _module_preset=&#8221;ba4a6336-701f-47b8-bf5c-09da0ce28016&#8243; title_text_color=&#8221;#FFFFFF&#8221; title_font_size_tablet=&#8221;28px&#8221; title_font_size_phone=&#8221;20px&#8221; locked=&#8221;off&#8221; global_colors_info=&#8221;{}&#8221;][\/et_pb_heading][\/et_pb_column][et_pb_column type=&#8221;1_2&#8243; _builder_version=&#8221;4.16.1&#8243; _module_preset=&#8221;73121f80-a3ef-4484-8763-c3f18e3c56d2&#8243; global_colors_info=&#8221;{}&#8221;][et_pb_text _builder_version=&#8221;4.24.3&#8243; _module_preset=&#8221;0504de1e-f5ff-4281-ba60-cbbe4edf98bc&#8221; custom_padding=&#8221;0px|||||&#8221; locked=&#8221;off&#8221; global_colors_info=&#8221;{%22gcid-primary-color%22:%91%22link_text_color%22%93,%22gcid-heading-color%22:%91%22header_text_color%22,%22header_4_text_color%22,%22header_3_text_color%22,%22header_2_text_color%22,%22header_5_text_color%22,%22header_6_text_color%22%93,%22gcid-body-color%22:%91%22text_text_color%22%93,%22gcid-secondary-color%22:%91%22quote_border_color%22%93,%22gcid-36fd78a7-34bc-404d-873c-dafa34efaae5%22:%91%22icon_color%22,%22icon_color%22%93}&#8221; body_font_size_tablet=&#8221;15px&#8221; body_font_size_phone=&#8221;14px&#8221; body_font_size_last_edited=&#8221;on|desktop&#8221;]<\/p>\n<p>P\u00e5 Infrabuild tror vi p\u00e5 att ge varje f\u00f6retag m\u00f6jlighet att blomstra sj\u00e4lvst\u00e4ndigt samtidigt som vi ger det st\u00f6d de beh\u00f6ver f\u00f6r att lyckas. V\u00e5r strategi kretsar kring decentraliserat ansvar och respekterar den unika suver\u00e4niteten hos varje f\u00f6retag vi samarbetar med. Genom att l\u00e5ta f\u00f6retag beh\u00e5lla kontrollen \u00f6ver sin verksamhet fr\u00e4mjar vi en milj\u00f6 d\u00e4r innovation kan blomstra och strategiska beslut fattas med flexibilitet och precision.<\/p>\n<p>[\/et_pb_text][\/et_pb_column][\/et_pb_row][\/et_pb_section][et_pb_section fb_built=&#8221;1&#8243; admin_label=&#8221;Text&#8221; _builder_version=&#8221;4.18.0&#8243; _module_preset=&#8221;default&#8221; locked=&#8221;off&#8221; collapsed=&#8221;on&#8221; global_colors_info=&#8221;{}&#8221;][et_pb_row column_structure=&#8221;1_3,1_3,1_3&#8243; _builder_version=&#8221;4.24.2&#8243; _module_preset=&#8221;5138c454-be54-4233-bd3b-f8e6a8747976&#8243; border_color_all=&#8221;rgba(0,0,0,0.08)&#8221; border_width_top=&#8221;2px&#8221; global_colors_info=&#8221;{}&#8221;][et_pb_column type=&#8221;1_3&#8243; _builder_version=&#8221;4.18.0&#8243; _module_preset=&#8221;73121f80-a3ef-4484-8763-c3f18e3c56d2&#8243; global_colors_info=&#8221;{}&#8221;][et_pb_heading title=&#8221;Engagemang och tillv\u00e4xt&#8221; _builder_version=&#8221;4.24.2&#8243; _module_preset=&#8221;8c21dae4-c59d-4c2b-958c-0e045c7f06d6&#8243; locked=&#8221;off&#8221; global_colors_info=&#8221;{}&#8221;][\/et_pb_heading][et_pb_text _builder_version=&#8221;4.24.2&#8243; _module_preset=&#8221;2c55a9c4-feed-423b-9edb-ae0b5b365cac&#8221; locked=&#8221;off&#8221; global_colors_info=&#8221;{}&#8221;]<\/p>\n<p>Infrabuilds engagemang f\u00f6r n\u00e4ra samarbete med v\u00e5ra portf\u00f6ljbolag \u00e4r en h\u00f6rnsten i v\u00e5r strategi. Vi samarbetar aktivt med ledningsgrupper f\u00f6r att frig\u00f6ra potential och driva tillv\u00e4xt. V\u00e5rt praktiska tillv\u00e4gag\u00e5ngss\u00e4tt s\u00e4kerst\u00e4ller att vi inte bara \u00e4r investerare, utan partners i utvecklingen, och tillhandah\u00e5ller de resurser och den expertis som beh\u00f6vs f\u00f6r att navigera utmaningar och ta tillvara m\u00f6jligheter.<\/p>\n<p>[\/et_pb_text][\/et_pb_column][et_pb_column type=&#8221;1_3&#8243; _builder_version=&#8221;4.18.0&#8243; _module_preset=&#8221;73121f80-a3ef-4484-8763-c3f18e3c56d2&#8243; global_colors_info=&#8221;{}&#8221;][et_pb_heading title=&#8221;Fr\u00e4mja innovation&#8221; _builder_version=&#8221;4.24.2&#8243; _module_preset=&#8221;8c21dae4-c59d-4c2b-958c-0e045c7f06d6&#8243; locked=&#8221;off&#8221; global_colors_info=&#8221;{}&#8221;][\/et_pb_heading][et_pb_text _builder_version=&#8221;4.24.2&#8243; _module_preset=&#8221;2c55a9c4-feed-423b-9edb-ae0b5b365cac&#8221; locked=&#8221;off&#8221; global_colors_info=&#8221;{}&#8221;]<\/p>\n<p>V\u00e5rt engagemang str\u00e4cker sig bortom finansiella investeringar. Vi f\u00f6rdjupar oss i verksamheten och f\u00f6rst\u00e5r de invecklade detaljer och nyanser som g\u00f6r varje f\u00f6retag unikt. Detta djupa engagemang g\u00f6r det m\u00f6jligt f\u00f6r oss att fr\u00e4mja en innovationskultur d\u00e4r nya id\u00e9er uppmuntras och st\u00f6ds, vilket leder till h\u00e5llbar tillv\u00e4xt och konkurrensf\u00f6rdelar.<\/p>\n<p>[\/et_pb_text][\/et_pb_column][et_pb_column type=&#8221;1_3&#8243; _builder_version=&#8221;4.18.0&#8243; _module_preset=&#8221;73121f80-a3ef-4484-8763-c3f18e3c56d2&#8243; global_colors_info=&#8221;{}&#8221;][et_pb_heading title=&#8221;St\u00f6dja framg\u00e5ng&#8221; _builder_version=&#8221;4.24.2&#8243; _module_preset=&#8221;8c21dae4-c59d-4c2b-958c-0e045c7f06d6&#8243; locked=&#8221;off&#8221; global_colors_info=&#8221;{}&#8221;][\/et_pb_heading][et_pb_text _builder_version=&#8221;4.24.2&#8243; _module_preset=&#8221;2c55a9c4-feed-423b-9edb-ae0b5b365cac&#8221; locked=&#8221;off&#8221; global_colors_info=&#8221;{}&#8221;]<\/p>\n<p>Genom v\u00e5rt dedikerade st\u00f6d hj\u00e4lper vi f\u00f6retag att bygga robusta strategier och implementera effektiva l\u00f6sningar. V\u00e5r erfarenhet och v\u00e5ra insikter fungerar som en v\u00e4rdefull resurs som v\u00e4gleder f\u00f6retag mot att uppn\u00e5 sina l\u00e5ngsiktiga m\u00e5l. P\u00e5 Infrabuild \u00e4r vi engagerade i att vara en katalysator f\u00f6r framg\u00e5ng och s\u00e4kerst\u00e4lla att v\u00e5ra partners inte bara n\u00e5r utan \u00f6vertr\u00e4ffar sina m\u00e5l.<\/p>\n<p>[\/et_pb_text][\/et_pb_column][\/et_pb_row][\/et_pb_section][et_pb_section fb_built=&#8221;1&#8243; admin_label=&#8221;Call to Action&#8221; _builder_version=&#8221;4.23.1&#8243; _module_preset=&#8221;default&#8221; locked=&#8221;off&#8221; collapsed=&#8221;on&#8221; global_colors_info=&#8221;{}&#8221;][et_pb_row _builder_version=&#8221;4.18.0&#8243; _module_preset=&#8221;5138c454-be54-4233-bd3b-f8e6a8747976&#8243; global_colors_info=&#8221;{}&#8221;][et_pb_column type=&#8221;4_4&#8243; _builder_version=&#8221;4.17.6&#8243; _module_preset=&#8221;73121f80-a3ef-4484-8763-c3f18e3c56d2&#8243; global_colors_info=&#8221;{}&#8221;][et_pb_cta title=&#8221;Utforska V\u00e5ra Investeringsm\u00f6jligheter&#8221; button_url=&#8221;#&#8221; button_text=&#8221;Kontakta Oss&#8221; _builder_version=&#8221;4.24.3&#8243; _module_preset=&#8221;be0cc754-576a-4b1c-868d-f6226f85de4d&#8221; header_text_align=&#8221;left&#8221; body_text_align=&#8221;left&#8221; button_alignment=&#8221;left&#8221; locked=&#8221;off&#8221; global_colors_info=&#8221;{%22gcid-828accbb-1ed2-407d-95be-20ab4e191566%22:%91%22border_color_all%22%93,%22gcid-heading-color%22:%91%22header_text_color%22%93,%22gcid-body-color%22:%91%22body_text_color%22%93,%22gcid-f2943306-fa6c-45f0-b632-5fc00151366a%22:%91%22button_text_color%22,%22button_text_color%22%93,%22gcid-36fd78a7-34bc-404d-873c-dafa34efaae5%22:%91%22button_text_color%22,%22button_text_color%22,%22button_text_color%22%93}&#8221; text_font_size_tablet=&#8221;16px&#8221; text_font_size_phone=&#8221;14px&#8221; text_font_size_last_edited=&#8221;on|phone&#8221;]<\/p>\n<p>\u00c4r du redo att ta n\u00e4sta steg i din investeringsresa? Uppt\u00e4ck hur Infrabuild kan hj\u00e4lpa dig att v\u00e4xa och utvecklas. V\u00e5r passion f\u00f6r l\u00e5ngsiktiga investeringar, del\u00e4garskap och meningsfulla relationer g\u00f6r oss till den perfekta partnern f\u00f6r sm\u00e5 och medelstora f\u00f6retag. Kontakta oss f\u00f6r att l\u00e4ra dig mer om v\u00e5ra unika m\u00f6jligheter eller f\u00f6r att komma i kontakt med v\u00e5rt team.<\/p>\n<p>[\/et_pb_cta][\/et_pb_column][\/et_pb_row][\/et_pb_section]<\/p>\n","protected":false},"excerpt":{"rendered":"<p>P\u00e5 Infrabuild \u00e4r vi dedikerade till att v\u00e5rda potentialen hos specialist bolag inom infrastruktur, samt driva innovation och tillv\u00e4xt genom strategisk del\u00e4garskap. V\u00e5r passion f\u00f6r l\u00e5ngsiktiga investeringar, del\u00e4garskap och meningsfulla relationer g\u00f6r oss till den perfekta partnern.\u00a0Infrabuild \u00e4r engagerade i att vara en aktiv investerare med fokus p\u00e5 att fr\u00e4mja tillv\u00e4xten hos sm\u00e5 och medelstora [&hellip;]<\/p>\n","protected":false},"author":2,"featured_media":0,"parent":0,"menu_order":0,"comment_status":"closed","ping_status":"closed","template":"","meta":{"_et_pb_use_builder":"on","_et_pb_old_content":"","_et_gb_content_width":"","footnotes":""},"class_list":["post-19","page","type-page","status-publish","hentry"],"_links":{"self":[{"href":"https:\/\/infrabuild.se\/index.php\/wp-json\/wp\/v2\/pages\/19","targetHints":{"allow":["GET"]}}],"collection":[{"href":"https:\/\/infrabuild.se\/index.php\/wp-json\/wp\/v2\/pages"}],"about":[{"href":"https:\/\/infrabuild.se\/index.php\/wp-json\/wp\/v2\/types\/page"}],"author":[{"embeddable":true,"href":"https:\/\/infrabuild.se\/index.php\/wp-json\/wp\/v2\/users\/2"}],"replies":[{"embeddable":true,"href":"https:\/\/infrabuild.se\/index.php\/wp-json\/wp\/v2\/comments?post=19"}],"version-history":[{"count":12,"href":"https:\/\/infrabuild.se\/index.php\/wp-json\/wp\/v2\/pages\/19\/revisions"}],"predecessor-version":[{"id":117,"href":"https:\/\/infrabuild.se\/index.php\/wp-json\/wp\/v2\/pages\/19\/revisions\/117"}],"wp:attachment":[{"href":"https:\/\/infrabuild.se\/index.php\/wp-json\/wp\/v2\/media?parent=19"}],"curies":[{"name":"wp","href":"https:\/\/api.w.org\/{rel}","templated":true}]}}